{"id":1257,"date":"2024-07-30T17:21:41","date_gmt":"2024-07-30T20:21:41","guid":{"rendered":"https:\/\/alanleal-econ.com\/?page_id=1257"},"modified":"2024-08-08T11:02:13","modified_gmt":"2024-08-08T14:02:13","slug":"julia-101-uma-abordagem-regional","status":"publish","type":"page","link":"https:\/\/alanleal-econ.com\/index.php\/julia-101-uma-abordagem-regional\/","title":{"rendered":"Julia 101: uma Abordagem Regional"},"content":{"rendered":"\n<p>Este material foi preparado para uma aula no <a href=\"http:\/\/www.usp.br\/nereus\/\" data-type=\"link\" data-id=\"http:\/\/www.usp.br\/nereus\/\" target=\"_blank\" rel=\"noreferrer noopener\">NEREUS<\/a> da <a href=\"https:\/\/www.fea.usp.br\" data-type=\"link\" data-id=\"https:\/\/www.fea.usp.br\" target=\"_blank\" rel=\"noreferrer noopener\">FEA-USP<\/a>, em Agosto de 2024. Tem alguma d\u00favida ou curiosidade? Entre em contato atrav\u00e9s do seguinte e-mail: prof@alanleal-econ.com.<\/p>\n\n\n\n<p>As se\u00e7\u00f5es adiante exp\u00f5em o material  da aula.<\/p>\n\n\n\n<h2 class=\"wp-block-heading\">Shapefiles<\/h2>\n\n\n\n<ol class=\"wp-block-list\">\n<li><a href=\"https:\/\/geoservicos.pbh.gov.br\/geoserver\/wfs?service=WFS&amp;version=1.0.0&amp;request=GetFeature&amp;typeName=ide_bhgeo:POP_DOMIC_BAIRRO_2010&amp;srsName=EPSG:31983&amp;outputFormat=SHAPE-ZIP\" target=\"_blank\" rel=\"noreferrer noopener\">Popula\u00e7\u00e3o de BH<\/a><\/li>\n\n\n\n<li><a href=\"https:\/\/geodacenter.github.io\/data-and-lab\/Ceara-Zika\/\" target=\"_blank\" rel=\"noreferrer noopener\">Cear\u00e1 Zika<\/a><\/li>\n<\/ol>\n\n\n\n<h2 class=\"wp-block-heading\">Slides<\/h2>\n\n\n\n<div data-wp-interactive=\"core\/file\" class=\"wp-block-file\"><object data-wp-bind--hidden=\"!state.hasPdfPreview\" hidden class=\"wp-block-file__embed\" data=\"https:\/\/alanleal-econ.com\/wp-content\/uploads\/2024\/08\/Julia_101__uma_abordagem_regional-4.pdf\" type=\"application\/pdf\" style=\"width:100%;height:600px\" aria-label=\"Embed of Julia_101__uma_abordagem_regional-4.\"><\/object><a id=\"wp-block-file--media-5bfa1172-91ed-4501-ae32-f065374abc1f\" href=\"https:\/\/alanleal-econ.com\/wp-content\/uploads\/2024\/08\/Julia_101__uma_abordagem_regional-4.pdf\">Julia_101__uma_abordagem_regional-4<\/a><a href=\"https:\/\/alanleal-econ.com\/wp-content\/uploads\/2024\/08\/Julia_101__uma_abordagem_regional-4.pdf\" class=\"wp-block-file__button wp-element-button\" download aria-describedby=\"wp-block-file--media-5bfa1172-91ed-4501-ae32-f065374abc1f\">Download<\/a><\/div>\n\n\n\n<h2 class=\"wp-block-heading\">Jupyter Notebook<\/h2>\n\n\n<p><iframe src=\"http:\/\/alanleal-econ.com\/wp-content\/uploads\/2024\/08\/Julia101_abordagem_regional.html\" width=\"1500\" height=\"14000px\"><\/iframe><\/p>","protected":false},"excerpt":{"rendered":"<p>Este material foi preparado para uma aula no NEREUS da FEA-USP, em Agosto de 2024. Tem alguma d\u00favida ou curiosidade? Entre em contato atrav\u00e9s do seguinte e-mail: prof@alanleal-econ.com. As se\u00e7\u00f5es adiante exp\u00f5em o material da aula. Shapefiles Slides Jupyter Notebook<\/p>\n","protected":false},"author":1,"featured_media":0,"parent":0,"menu_order":0,"comment_status":"closed","ping_status":"closed","template":"","meta":{"zakra_general_container_width":0,"zakra_general_content_width":0,"zakra_general_sidebar_width":0,"zakra_sticky_header":"customizer","zakra_header_main_area":true,"zakra_site_logo_width":0,"zakra_header_top_enabled":"customizer","zakra_header_top_style":"customizer","zakra_primary_menu_item_style":"customizer","zakra_page_header_text_color":"","zakra_page_header_layout":"customizer","zakra_page_title_bg":"","zakra_footer_widgets_bg_image":0,"zakra_page_title_bg_repeat":"customizer","zakra_page_title_bg_position":"customizer","zakra_page_title_bg_size":"customizer","zakra_page_title_bg_attachment":"customizer","zakra_breadcrumbs_enabled":"customizer","zakra_breadcrumbs_text_color":"","zakra_breadcrumbs_separator_color":"","zakra_breadcrumbs_link_color":"","zakra_breadcrumbs_link_hover_color":"","zakra_page_title_bg_image":0,"zakra_footer_widgets_enabled":"customizer","zakra_footer_column_layout_1_style":"customizer","zakra_footer_widgets_bg":"","zakra_footer_widgets_bg_repeat":"customizer","zakra_footer_widgets_bg_position":"customizer","zakra_footer_widgets_bg_size":"customizer","zakra_footer_widgets_bg_attachment":"customizer","zakra_footer_bar_enabled":"customizer","zakra_footer_bar_style":"customizer","zakra_page_container_layout":"customizer","zakra_page_sidebar_layout":"customizer","zakra_remove_content_margin":false,"zakra_sidebar":"customizer","zakra_transparent_header":"customizer","zakra_logo":0,"zakra_main_header_style":"default","zakra_menu_item_color":"","zakra_menu_item_hover_color":"","zakra_menu_item_active_color":"","zakra_menu_active_style":"","zakra_page_header":true,"_coblocks_attr":"","_coblocks_dimensions":"","_coblocks_responsive_height":"","_coblocks_accordion_ie_support":"","_uag_custom_page_level_css":"","jetpack_post_was_ever_published":false,"footnotes":""},"class_list":["post-1257","page","type-page","status-publish","hentry"],"uagb_featured_image_src":{"full":false,"thumbnail":false,"medium":false,"medium_large":false,"large":false,"1536x1536":false,"2048x2048":false,"zakra-thumb-size-one":false,"zakra-thumb-size-two":false},"uagb_author_info":{"display_name":"Alan Leal","author_link":"https:\/\/alanleal-econ.com\/index.php\/author\/alanmarqueslealhotmail-com\/"},"uagb_comment_info":0,"uagb_excerpt":"Este material foi preparado para uma aula no NEREUS da FEA-USP, em Agosto de 2024. Tem alguma d\u00favida ou curiosidade? Entre em contato atrav\u00e9s do seguinte e-mail: prof@alanleal-econ.com. As se\u00e7\u00f5es adiante exp\u00f5em o material da aula. Shapefiles Slides Jupyter Notebook","jetpack_sharing_enabled":true,"_links":{"self":[{"href":"https:\/\/alanleal-econ.com\/index.php\/wp-json\/wp\/v2\/pages\/1257","targetHints":{"allow":["GET"]}}],"collection":[{"href":"https:\/\/alanleal-econ.com\/index.php\/wp-json\/wp\/v2\/pages"}],"about":[{"href":"https:\/\/alanleal-econ.com\/index.php\/wp-json\/wp\/v2\/types\/page"}],"author":[{"embeddable":true,"href":"https:\/\/alanleal-econ.com\/index.php\/wp-json\/wp\/v2\/users\/1"}],"replies":[{"embeddable":true,"href":"https:\/\/alanleal-econ.com\/index.php\/wp-json\/wp\/v2\/comments?post=1257"}],"version-history":[{"count":9,"href":"https:\/\/alanleal-econ.com\/index.php\/wp-json\/wp\/v2\/pages\/1257\/revisions"}],"predecessor-version":[{"id":1291,"href":"https:\/\/alanleal-econ.com\/index.php\/wp-json\/wp\/v2\/pages\/1257\/revisions\/1291"}],"wp:attachment":[{"href":"https:\/\/alanleal-econ.com\/index.php\/wp-json\/wp\/v2\/media?parent=1257"}],"curies":[{"name":"wp","href":"https:\/\/api.w.org\/{rel}","templated":true}]}}