{"id":1504,"date":"2025-08-15T14:23:12","date_gmt":"2025-08-15T17:23:12","guid":{"rendered":"https:\/\/alanleal-econ.com\/?page_id=1504"},"modified":"2026-03-02T20:28:01","modified_gmt":"2026-03-02T23:28:01","slug":"dados-de-comex-no-brasil","status":"publish","type":"page","link":"https:\/\/alanleal-econ.com\/index.php\/dados-de-comex-no-brasil\/","title":{"rendered":"Dados de Comex no Brasil"},"content":{"rendered":"\n<p>Esta p\u00e1gina reune todo o conte\u00fado produzido para o Workshop Dados de Comex no Brasil, apresentado por Alan Leal para estudantes de gradua\u00e7\u00e3o e p\u00f3s-gradua\u00e7\u00e3o na Universidade Federal de Vi\u00e7osa, em 10 de setembro de 2025.<\/p>\n\n\n\n<ol class=\"wp-block-list\">\n<li><strong>Apresenta\u00e7\u00e3o<\/strong><\/li>\n<\/ol>\n\n\n\n<div data-wp-interactive=\"core\/file\" class=\"wp-block-file\"><object data-wp-bind--hidden=\"!state.hasPdfPreview\" hidden class=\"wp-block-file__embed\" data=\"https:\/\/alanleal-econ.com\/wp-content\/uploads\/2025\/09\/Dados_de_Comex_no_Brasil-1.pdf\" type=\"application\/pdf\" style=\"width:100%;height:600px\" aria-label=\"Embed of Dados_de_Comex_no_Brasil.\"><\/object><a id=\"wp-block-file--media-38e6449b-2e10-4654-a351-3fb4f8c20369\" href=\"https:\/\/alanleal-econ.com\/wp-content\/uploads\/2025\/09\/Dados_de_Comex_no_Brasil-1.pdf\">Dados_de_Comex_no_Brasil<\/a><a href=\"https:\/\/alanleal-econ.com\/wp-content\/uploads\/2025\/09\/Dados_de_Comex_no_Brasil-1.pdf\" class=\"wp-block-file__button wp-element-button\" download aria-describedby=\"wp-block-file--media-38e6449b-2e10-4654-a351-3fb4f8c20369\">Download<\/a><\/div>\n\n\n\n<p><strong>2. <a href=\"https:\/\/revistaaber.org.br\/rberu\/article\/view\/1156\" target=\"_blank\" rel=\"noreferrer noopener\">Leal, A., &amp; Marcia Viana Martins, M. (2025). Brazilian exports imputation: A new algorithm for estimating the municipal production directed at the foreign market. <em>Revista Brasileira De Estudos Regionais E Urbanos<\/em>, <em>19<\/em>(2), 266\u2013288. https:\/\/doi.org\/10.54766\/rberu.v19i2.1156<\/a><\/strong><\/p>\n\n\n\n<p><strong>3. Uso do comexTL<\/strong><\/p>\n\n\n\n<figure class=\"wp-block-embed is-type-rich is-provider-embed-handler wp-block-embed-embed-handler\"><div class=\"wp-block-embed__wrapper\">\n<span class='coblocks-gist__container' style='pointer-events: none'><script type=\"text\/javascript\" src=\"https:\/\/gist.github.com\/alanleal-econ\/c8ae47fb76fab9451c58d3d58b785dac.js\">\n\/* <![CDATA[ *\/\n\n\/* ]]> *\/\n<\/script>\n<a class=\"gist-block__container\" href=\"https:\/\/gist.github.com\/alanleal-econ\/c8ae47fb76fab9451c58d3d58b785dac\" target=\"_blank\">View this gist on GitHub<\/a><\/span>\n<\/div><\/figure>\n\n\n\n<p><strong>4. Aplica\u00e7\u00e3o de Leal &amp; Martins (2025)<\/strong><\/p>\n\n\n\n<figure class=\"wp-block-embed is-type-rich is-provider-embed-handler wp-block-embed-embed-handler\"><div class=\"wp-block-embed__wrapper\">\n<span class='coblocks-gist__container' style='pointer-events: none'><script type=\"text\/javascript\" src=\"https:\/\/gist.github.com\/alanleal-econ\/4b3a35fe4e6dfcaffc7e8105b11cbd47.js\">\n\/* <![CDATA[ *\/\n\n\/* ]]> *\/\n<\/script>\n<a class=\"gist-block__container\" href=\"https:\/\/gist.github.com\/alanleal-econ\/4b3a35fe4e6dfcaffc7e8105b11cbd47\" target=\"_blank\">View this gist on GitHub<\/a><\/span>\n<\/div><\/figure>\n\n\n\n<p><strong>5. <a href=\"https:\/\/alanlealecon.sharepoint.com\/:x:\/s\/AlanLeal\/IQAfL0WkxYl6QonZ21l5SdztAaBGvqjspqYKfEWlIIks-Es?e=cdvmQ7\" target=\"_blank\" rel=\"noreferrer noopener\">Dados PRODES<\/a><\/strong><\/p>\n\n\n\n<p><\/p>\n","protected":false},"excerpt":{"rendered":"<p>Esta p\u00e1gina reune todo o conte\u00fado produzido para o Workshop Dados de Comex no Brasil, apresentado por Alan Leal para estudantes de gradua\u00e7\u00e3o e p\u00f3s-gradua\u00e7\u00e3o na Universidade Federal de Vi\u00e7osa, em 10 de setembro de 2025. 2. Leal, A., &amp; Marcia Viana Martins, M. (2025). Brazilian exports imputation: A new algorithm for estimating the municipal[&hellip;]<\/p>\n","protected":false},"author":1,"featured_media":0,"parent":0,"menu_order":0,"comment_status":"closed","ping_status":"closed","template":"","meta":{"zakra_general_container_width":0,"zakra_general_content_width":0,"zakra_general_sidebar_width":0,"zakra_sticky_header":"customizer","zakra_header_main_area":true,"zakra_site_logo_width":0,"zakra_header_top_enabled":"customizer","zakra_header_top_style":"customizer","zakra_primary_menu_item_style":"customizer","zakra_page_header_text_color":"","zakra_page_header_layout":"customizer","zakra_page_title_bg":"","zakra_footer_widgets_bg_image":0,"zakra_page_title_bg_repeat":"customizer","zakra_page_title_bg_position":"customizer","zakra_page_title_bg_size":"customizer","zakra_page_title_bg_attachment":"customizer","zakra_breadcrumbs_enabled":"customizer","zakra_breadcrumbs_text_color":"","zakra_breadcrumbs_separator_color":"","zakra_breadcrumbs_link_color":"","zakra_breadcrumbs_link_hover_color":"","zakra_page_title_bg_image":0,"zakra_footer_widgets_enabled":"customizer","zakra_footer_column_layout_1_style":"customizer","zakra_footer_widgets_bg":"","zakra_footer_widgets_bg_repeat":"customizer","zakra_footer_widgets_bg_position":"customizer","zakra_footer_widgets_bg_size":"customizer","zakra_footer_widgets_bg_attachment":"customizer","zakra_footer_bar_enabled":"customizer","zakra_footer_bar_style":"customizer","zakra_page_container_layout":"customizer","zakra_page_sidebar_layout":"customizer","zakra_remove_content_margin":false,"zakra_sidebar":"customizer","zakra_transparent_header":"customizer","zakra_logo":0,"zakra_main_header_style":"default","zakra_menu_item_color":"","zakra_menu_item_hover_color":"","zakra_menu_item_active_color":"","zakra_menu_active_style":"","zakra_page_header":true,"_coblocks_attr":"","_coblocks_dimensions":"","_coblocks_responsive_height":"","_coblocks_accordion_ie_support":"","_uag_custom_page_level_css":"","jetpack_post_was_ever_published":false,"footnotes":""},"class_list":["post-1504","page","type-page","status-publish","hentry"],"uagb_featured_image_src":{"full":false,"thumbnail":false,"medium":false,"medium_large":false,"large":false,"1536x1536":false,"2048x2048":false,"zakra-thumb-size-one":false,"zakra-thumb-size-two":false},"uagb_author_info":{"display_name":"Alan Leal","author_link":"https:\/\/alanleal-econ.com\/index.php\/author\/alanmarqueslealhotmail-com\/"},"uagb_comment_info":0,"uagb_excerpt":"Esta p\u00e1gina reune todo o conte\u00fado produzido para o Workshop Dados de Comex no Brasil, apresentado por Alan Leal para estudantes de gradua\u00e7\u00e3o e p\u00f3s-gradua\u00e7\u00e3o na Universidade Federal de Vi\u00e7osa, em 10 de setembro de 2025. 2. Leal, A., &amp; Marcia Viana Martins, M. (2025). Brazilian exports imputation: A new algorithm for estimating the municipal[&hellip;]","jetpack_sharing_enabled":true,"_links":{"self":[{"href":"https:\/\/alanleal-econ.com\/index.php\/wp-json\/wp\/v2\/pages\/1504","targetHints":{"allow":["GET"]}}],"collection":[{"href":"https:\/\/alanleal-econ.com\/index.php\/wp-json\/wp\/v2\/pages"}],"about":[{"href":"https:\/\/alanleal-econ.com\/index.php\/wp-json\/wp\/v2\/types\/page"}],"author":[{"embeddable":true,"href":"https:\/\/alanleal-econ.com\/index.php\/wp-json\/wp\/v2\/users\/1"}],"replies":[{"embeddable":true,"href":"https:\/\/alanleal-econ.com\/index.php\/wp-json\/wp\/v2\/comments?post=1504"}],"version-history":[{"count":5,"href":"https:\/\/alanleal-econ.com\/index.php\/wp-json\/wp\/v2\/pages\/1504\/revisions"}],"predecessor-version":[{"id":1629,"href":"https:\/\/alanleal-econ.com\/index.php\/wp-json\/wp\/v2\/pages\/1504\/revisions\/1629"}],"wp:attachment":[{"href":"https:\/\/alanleal-econ.com\/index.php\/wp-json\/wp\/v2\/media?parent=1504"}],"curies":[{"name":"wp","href":"https:\/\/api.w.org\/{rel}","templated":true}]}}