{"id":1535,"date":"2025-09-04T19:25:58","date_gmt":"2025-09-04T22:25:58","guid":{"rendered":"https:\/\/alanleal-econ.com\/?page_id=1535"},"modified":"2025-09-04T19:26:02","modified_gmt":"2025-09-04T22:26:02","slug":"quais-setores-foram-mais-afetados-pelas-tarifas-dos-eua","status":"publish","type":"page","link":"https:\/\/alanleal-econ.com\/index.php\/quais-setores-foram-mais-afetados-pelas-tarifas-dos-eua\/","title":{"rendered":"Quais setores foram mais afetados pelas tarifas dos EUA?"},"content":{"rendered":"\n<div class=\"wp-block-uagb-advanced-heading uagb-block-9719558c\"><h2 class=\"uagb-heading-text\">Introdu\u00e7\u00e3o<\/h2><\/div>\n\n\n\n<p>No dia 6 de agosto de 2025, um&nbsp;<a href=\"https:\/\/www.whitehouse.gov\/presidential-actions\/2025\/07\/addressing-threats-to-the-us\/\" target=\"_blank\" rel=\"noreferrer noopener\">Decreto Presidencial<\/a>, emitido pelo presidente americano, Donald Trump, que imp\u00f4s tarifas de 50% sobre diversos bens importados do Brasil, tais como caf\u00e9, frutas e carnes, entrou em vigor. Esse Decreto Presidencial, contudo, isentou uma gama de bens, tais como avi\u00f5es.<\/p>\n\n\n\n<p>O objetivo deste breve texto \u00e9 analisar, com base em dados da Secretaria de Com\u00e9rcio Exterior (SECEX) do Minist\u00e9rio do Desenvolvimento, Ind\u00fastria, Com\u00e9rcio e Servi\u00e7os (MDIC), de que forma o fluxo comercial brasileiro para os Estados Unidos foi impactado, inclusive do ponto de vista estadual. Adicionalmente, analisam-se os 20 principais setores que registraram as maiores quedas nas exporta\u00e7\u00f5es e o comportamento comercial desses bens para os demais mercados globais.<\/p>\n\n\n\n<h2 class=\"wp-block-heading\">Varia\u00e7\u00e3o Total<\/h2>\n\n\n\n<p>Em compara\u00e7\u00e3o com julho de 2025, as exporta\u00e7\u00f5es brasileiras para os EUA sofreram uma queda de 27,7%. Em julho, o Brasil exportou US$3822,320 milh\u00f5es para os Estados Unidos, valor que caiu para US$2762.167 milh\u00f5es em agosto.<\/p>\n\n\n\n<h2 class=\"wp-block-heading\">Varia\u00e7\u00e3o Estadual<\/h2>\n\n\n\n<p>No \u00e2mbito estadual, Acre, Alagoas e Sergipe foram os que registraram as maiores quedas em agosto na compara\u00e7\u00e3o com o m\u00eas anterior. O mapa a seguir ilustra o comportamento das exporta\u00e7\u00f5es de cada estado brasileiro no mesmo per\u00edodo comparativo.<\/p>\n\n\n\n<figure class=\"wp-block-image size-large\"><img fetchpriority=\"high\" decoding=\"async\" width=\"1024\" height=\"777\" src=\"https:\/\/alanleal-econ.com\/wp-content\/uploads\/2025\/09\/variacao-estadual-tarifaco-1024x777.png\" alt=\"\" class=\"wp-image-1537\" srcset=\"https:\/\/alanleal-econ.com\/wp-content\/uploads\/2025\/09\/variacao-estadual-tarifaco-1024x777.png 1024w, https:\/\/alanleal-econ.com\/wp-content\/uploads\/2025\/09\/variacao-estadual-tarifaco-300x228.png 300w, https:\/\/alanleal-econ.com\/wp-content\/uploads\/2025\/09\/variacao-estadual-tarifaco-768x583.png 768w, https:\/\/alanleal-econ.com\/wp-content\/uploads\/2025\/09\/variacao-estadual-tarifaco.png 1168w\" sizes=\"(max-width: 1024px) 100vw, 1024px\" \/><\/figure>\n\n\n\n<p><em>Fonte: Alan Leal, com base em dados da SECEX\/MDIC.<\/em><\/p>\n\n\n\n<h2 class=\"wp-block-heading\"><strong>Os 20 Produtos Mais Afetados (com exporta\u00e7\u00f5es superiores a US$ 1 milh\u00e3o)<\/strong><\/h2>\n\n\n\n<p>Em uma segunda an\u00e1lise, foram selecionados os 20 produtos com volume de exporta\u00e7\u00e3o superior a US$ 1 milh\u00e3o em julho que tiveram as maiores quedas de suas exporta\u00e7\u00f5es para os Estados Unidos. A lista a seguir apresenta esses produtos e suas respectivas varia\u00e7\u00f5es.<\/p>\n\n\n\n<figure class=\"wp-block-image size-large\"><img decoding=\"async\" width=\"1024\" height=\"540\" src=\"https:\/\/alanleal-econ.com\/wp-content\/uploads\/2025\/09\/queda-americana-1024x540.png\" alt=\"\" class=\"wp-image-1538\" srcset=\"https:\/\/alanleal-econ.com\/wp-content\/uploads\/2025\/09\/queda-americana-1024x540.png 1024w, https:\/\/alanleal-econ.com\/wp-content\/uploads\/2025\/09\/queda-americana-300x158.png 300w, https:\/\/alanleal-econ.com\/wp-content\/uploads\/2025\/09\/queda-americana-768x405.png 768w, https:\/\/alanleal-econ.com\/wp-content\/uploads\/2025\/09\/queda-americana-1536x810.png 1536w, https:\/\/alanleal-econ.com\/wp-content\/uploads\/2025\/09\/queda-americana-2048x1079.png 2048w\" sizes=\"(max-width: 1024px) 100vw, 1024px\" \/><\/figure>\n\n\n\n<p><em>Fonte: Alan Leal, com base em dados da SECEX\/MDIC.<\/em><\/p>\n\n\n\n<h2 class=\"wp-block-heading\">Houve redirecionamente das exporta\u00e7\u00f5es?<\/h2>\n\n\n\n<p>Para responder a essa pergunta, analisa-se a varia\u00e7\u00e3o do fluxo comercial dos 20 produtos mencionados anteriormente para todos os demais destinos, excetuando-se os Estados Unidos. Os itens s\u00e3o classificados em ordem decrescente de varia\u00e7\u00e3o, da maior positiva \u00e0 maior negativa. Varia\u00e7\u00f5es positivas expressivas sugerem uma maior capacidade do setor em redirecionar para outros pa\u00edses as exporta\u00e7\u00f5es antes destinadas ao mercado americano.<\/p>\n\n\n\n<figure class=\"wp-block-image size-large\"><img decoding=\"async\" width=\"1024\" height=\"542\" src=\"https:\/\/alanleal-econ.com\/wp-content\/uploads\/2025\/09\/crescimento-outros-destinos-1024x542.png\" alt=\"\" class=\"wp-image-1539\" srcset=\"https:\/\/alanleal-econ.com\/wp-content\/uploads\/2025\/09\/crescimento-outros-destinos-1024x542.png 1024w, https:\/\/alanleal-econ.com\/wp-content\/uploads\/2025\/09\/crescimento-outros-destinos-300x159.png 300w, https:\/\/alanleal-econ.com\/wp-content\/uploads\/2025\/09\/crescimento-outros-destinos-768x406.png 768w, https:\/\/alanleal-econ.com\/wp-content\/uploads\/2025\/09\/crescimento-outros-destinos-1536x813.png 1536w, https:\/\/alanleal-econ.com\/wp-content\/uploads\/2025\/09\/crescimento-outros-destinos-2048x1084.png 2048w\" sizes=\"(max-width: 1024px) 100vw, 1024px\" \/><\/figure>\n\n\n\n<p><em>Fonte: Alan Leal, com base em dados da SECEX\/MDIC.<\/em><\/p>\n\n\n\n<h2 class=\"wp-block-heading\">Conclus\u00e3o<\/h2>\n\n\n\n<p>O pacote de tarifas americano, apesar de atingir pouco mais da metade das exporta\u00e7\u00f5es brasileiras para os EUA, teve impactos diversos em termos espaciais e setoriais. Consequentemente, estados como Alagoas e produtos como &#8220;Centro de usinagem, para trabalhar metais&#8221; foram significativamente afetados. Este \u00faltimo setor em particular, junto de v\u00e1rios outros, parece n\u00e3o ter conseguido encontrar novos mercados ou expandir seus fluxos comerciais para outros pa\u00edses como alternativa.<\/p>\n\n\n\n<p><\/p>\n","protected":false},"excerpt":{"rendered":"<p>Introdu\u00e7\u00e3o No dia 6 de agosto de 2025, um&nbsp;Decreto Presidencial, emitido pelo presidente americano, Donald Trump, que imp\u00f4s tarifas de 50% sobre diversos bens importados do Brasil, tais como caf\u00e9, frutas e carnes, entrou em vigor. Esse Decreto Presidencial, contudo, isentou uma gama de bens, tais como avi\u00f5es. O objetivo deste breve texto \u00e9 analisar,[&hellip;]<\/p>\n","protected":false},"author":1,"featured_media":0,"parent":0,"menu_order":0,"comment_status":"closed","ping_status":"closed","template":"","meta":{"zakra_general_container_width":0,"zakra_general_content_width":0,"zakra_general_sidebar_width":0,"zakra_sticky_header":"customizer","zakra_header_main_area":true,"zakra_site_logo_width":0,"zakra_header_top_enabled":"customizer","zakra_header_top_style":"customizer","zakra_primary_menu_item_style":"customizer","zakra_page_header_text_color":"","zakra_page_header_layout":"customizer","zakra_page_title_bg":"","zakra_footer_widgets_bg_image":0,"zakra_page_title_bg_repeat":"customizer","zakra_page_title_bg_position":"customizer","zakra_page_title_bg_size":"customizer","zakra_page_title_bg_attachment":"customizer","zakra_breadcrumbs_enabled":"customizer","zakra_breadcrumbs_text_color":"","zakra_breadcrumbs_separator_color":"","zakra_breadcrumbs_link_color":"","zakra_breadcrumbs_link_hover_color":"","zakra_page_title_bg_image":0,"zakra_footer_widgets_enabled":"customizer","zakra_footer_column_layout_1_style":"customizer","zakra_footer_widgets_bg":"","zakra_footer_widgets_bg_repeat":"customizer","zakra_footer_widgets_bg_position":"customizer","zakra_footer_widgets_bg_size":"customizer","zakra_footer_widgets_bg_attachment":"customizer","zakra_footer_bar_enabled":"customizer","zakra_footer_bar_style":"customizer","zakra_page_container_layout":"customizer","zakra_page_sidebar_layout":"customizer","zakra_remove_content_margin":false,"zakra_sidebar":"customizer","zakra_transparent_header":"customizer","zakra_logo":0,"zakra_main_header_style":"default","zakra_menu_item_color":"","zakra_menu_item_hover_color":"","zakra_menu_item_active_color":"","zakra_menu_active_style":"","zakra_page_header":true,"_coblocks_attr":"","_coblocks_dimensions":"","_coblocks_responsive_height":"","_coblocks_accordion_ie_support":"","_uag_custom_page_level_css":"","jetpack_post_was_ever_published":false,"footnotes":""},"class_list":["post-1535","page","type-page","status-publish","hentry"],"uagb_featured_image_src":{"full":false,"thumbnail":false,"medium":false,"medium_large":false,"large":false,"1536x1536":false,"2048x2048":false,"zakra-thumb-size-one":false,"zakra-thumb-size-two":false},"uagb_author_info":{"display_name":"Alan Leal","author_link":"https:\/\/alanleal-econ.com\/index.php\/author\/alanmarqueslealhotmail-com\/"},"uagb_comment_info":0,"uagb_excerpt":"Introdu\u00e7\u00e3o No dia 6 de agosto de 2025, um&nbsp;Decreto Presidencial, emitido pelo presidente americano, Donald Trump, que imp\u00f4s tarifas de 50% sobre diversos bens importados do Brasil, tais como caf\u00e9, frutas e carnes, entrou em vigor. Esse Decreto Presidencial, contudo, isentou uma gama de bens, tais como avi\u00f5es. O objetivo deste breve texto \u00e9 analisar,[&hellip;]","jetpack_sharing_enabled":true,"_links":{"self":[{"href":"https:\/\/alanleal-econ.com\/index.php\/wp-json\/wp\/v2\/pages\/1535","targetHints":{"allow":["GET"]}}],"collection":[{"href":"https:\/\/alanleal-econ.com\/index.php\/wp-json\/wp\/v2\/pages"}],"about":[{"href":"https:\/\/alanleal-econ.com\/index.php\/wp-json\/wp\/v2\/types\/page"}],"author":[{"embeddable":true,"href":"https:\/\/alanleal-econ.com\/index.php\/wp-json\/wp\/v2\/users\/1"}],"replies":[{"embeddable":true,"href":"https:\/\/alanleal-econ.com\/index.php\/wp-json\/wp\/v2\/comments?post=1535"}],"version-history":[{"count":2,"href":"https:\/\/alanleal-econ.com\/index.php\/wp-json\/wp\/v2\/pages\/1535\/revisions"}],"predecessor-version":[{"id":1540,"href":"https:\/\/alanleal-econ.com\/index.php\/wp-json\/wp\/v2\/pages\/1535\/revisions\/1540"}],"wp:attachment":[{"href":"https:\/\/alanleal-econ.com\/index.php\/wp-json\/wp\/v2\/media?parent=1535"}],"curies":[{"name":"wp","href":"https:\/\/api.w.org\/{rel}","templated":true}]}}