{"id":1583,"date":"2026-01-31T13:07:48","date_gmt":"2026-01-31T16:07:48","guid":{"rendered":"https:\/\/alanleal-econ.com\/?page_id=1583"},"modified":"2026-01-31T21:37:18","modified_gmt":"2026-02-01T00:37:18","slug":"comex-e-regioes-indices-analiticos","status":"publish","type":"page","link":"https:\/\/alanleal-econ.com\/index.php\/comex-e-regioes-indices-analiticos\/","title":{"rendered":"Comex e Regi\u00f5es: \u00cdndices Anal\u00edticos"},"content":{"rendered":"\n<h2 class=\"wp-block-heading\">Comex e Regi\u00f5es<\/h2>\n\n\n\n<p>O com\u00e9rcio exterior \u00e9 um fen\u00f4meno econ\u00f4mico extremamente espacializado. O dashboard abaixo sugere novos \u00edndices visando explicitar essa regionaliza\u00e7\u00e3o do com\u00e9rcio exterior, usando os estados brasileiros e classes de produtos (n\u00edvel SH2) para explicitar oportunidades de neg\u00f3cios e evolu\u00e7\u00f5es no Comex dos estados brasileiros. A an\u00e1lise compreende os anos de 2010-2025. Voc\u00ea encontra explica\u00e7\u00f5es e exemplos de todos os \u00edndices <u><a href=\"http:\/\/alanleal-econ.com\/wp-content\/uploads\/2026\/01\/Comex_e_Regioes.pdf\">aqui<\/a><\/u>. <\/p>\n\n\n\n<p><\/p>\n\n\n<p><style>\n  .pbi-vh{\n    width: 100%;\n    height: min(85vh, 900px);\n    border-radius: 12px;\n    overflow: hidden;\n  }\n  .pbi-vh iframe{ width:100%; height:100%; border:0; }\n\n  @media (max-width: 600px){\n    .pbi-vh{ height: 78vh; border-radius: 10px; }\n  }\n<\/style>\n\n<div class=\"pbi-vh\">\n  <iframe src=\"https:\/\/app.powerbi.com\/view?r=eyJrIjoiOTBiMTFmOTAtZjY5Zi00YjQwLWI2NzEtOTFiYzc0ODZhYTY0IiwidCI6ImRlOWZmOGE3LWUxMzMtNGQ2OC04MGM5LWI3YTIyMzEzMTdkOSJ9\" loading=\"lazy\" allowfullscreen=\"true\"><\/iframe>\n<\/div>\n<\/p>\n\n\n<p>Fonte:&nbsp;<a href=\"http:\/\/www.alanleal-econ.com\/\"><u>Alan Leal<\/u><\/a>, com base em dados do com\u00e9rcio exterior da SECEX\/MDIC. <\/p>\n\n\n\n<p>Elaborado com o pacote&nbsp;<a href=\"https:\/\/alanleal-econ.com\/index.php\/codes\/comextl\/\">comexTL<\/a>.&nbsp;Nota: a metodologia e explica\u00e7\u00e3o do c\u00e1lculo assim como a interpreta\u00e7\u00e3o dessses resultados podem ser encontradas&nbsp;<a href=\"http:\/\/alanleal-econ.com\/wp-content\/uploads\/2026\/01\/Comex_e_Regioes.pdf\"><u>aqui<\/u><\/a>.&nbsp;<\/p>\n\n\n\n<p>Contate-me via&nbsp;<a href=\"mailto:prof@alanleal-econ.com\"><u>e-mail<\/u><\/a>&nbsp;ou&nbsp;<a href=\"https:\/\/www.linkedin.com\/in\/alanmarquesleal\/\"><u>Linkedin<\/u><\/a>, caso haja alguma d\u00favida.&nbsp;<\/p>\n","protected":false},"excerpt":{"rendered":"<p>Comex e Regi\u00f5es O com\u00e9rcio exterior \u00e9 um fen\u00f4meno econ\u00f4mico extremamente espacializado. O dashboard abaixo sugere novos \u00edndices visando explicitar essa regionaliza\u00e7\u00e3o do com\u00e9rcio exterior, usando os estados brasileiros e classes de produtos (n\u00edvel SH2) para explicitar oportunidades de neg\u00f3cios e evolu\u00e7\u00f5es no Comex dos estados brasileiros. A an\u00e1lise compreende os anos de 2010-2025. Voc\u00ea[&hellip;]<\/p>\n","protected":false},"author":1,"featured_media":0,"parent":0,"menu_order":0,"comment_status":"closed","ping_status":"closed","template":"","meta":{"zakra_general_container_width":0,"zakra_general_content_width":0,"zakra_general_sidebar_width":0,"zakra_sticky_header":"customizer","zakra_header_main_area":true,"zakra_site_logo_width":0,"zakra_header_top_enabled":"customizer","zakra_header_top_style":"customizer","zakra_primary_menu_item_style":"customizer","zakra_page_header_text_color":"","zakra_page_header_layout":"customizer","zakra_page_title_bg":"","zakra_footer_widgets_bg_image":0,"zakra_page_title_bg_repeat":"customizer","zakra_page_title_bg_position":"customizer","zakra_page_title_bg_size":"customizer","zakra_page_title_bg_attachment":"customizer","zakra_breadcrumbs_enabled":"customizer","zakra_breadcrumbs_text_color":"","zakra_breadcrumbs_separator_color":"","zakra_breadcrumbs_link_color":"","zakra_breadcrumbs_link_hover_color":"","zakra_page_title_bg_image":0,"zakra_footer_widgets_enabled":"customizer","zakra_footer_column_layout_1_style":"customizer","zakra_footer_widgets_bg":"","zakra_footer_widgets_bg_repeat":"customizer","zakra_footer_widgets_bg_position":"customizer","zakra_footer_widgets_bg_size":"customizer","zakra_footer_widgets_bg_attachment":"customizer","zakra_footer_bar_enabled":"customizer","zakra_footer_bar_style":"customizer","zakra_page_container_layout":"customizer","zakra_page_sidebar_layout":"customizer","zakra_remove_content_margin":false,"zakra_sidebar":"customizer","zakra_transparent_header":"customizer","zakra_logo":0,"zakra_main_header_style":"default","zakra_menu_item_color":"","zakra_menu_item_hover_color":"","zakra_menu_item_active_color":"","zakra_menu_active_style":"","zakra_page_header":true,"_coblocks_attr":"","_coblocks_dimensions":"","_coblocks_responsive_height":"","_coblocks_accordion_ie_support":"","_uag_custom_page_level_css":"","jetpack_post_was_ever_published":false,"footnotes":""},"class_list":["post-1583","page","type-page","status-publish","hentry"],"uagb_featured_image_src":{"full":false,"thumbnail":false,"medium":false,"medium_large":false,"large":false,"1536x1536":false,"2048x2048":false,"zakra-thumb-size-one":false,"zakra-thumb-size-two":false},"uagb_author_info":{"display_name":"Alan Leal","author_link":"https:\/\/alanleal-econ.com\/index.php\/author\/alanmarqueslealhotmail-com\/"},"uagb_comment_info":0,"uagb_excerpt":"Comex e Regi\u00f5es O com\u00e9rcio exterior \u00e9 um fen\u00f4meno econ\u00f4mico extremamente espacializado. O dashboard abaixo sugere novos \u00edndices visando explicitar essa regionaliza\u00e7\u00e3o do com\u00e9rcio exterior, usando os estados brasileiros e classes de produtos (n\u00edvel SH2) para explicitar oportunidades de neg\u00f3cios e evolu\u00e7\u00f5es no Comex dos estados brasileiros. A an\u00e1lise compreende os anos de 2010-2025. Voc\u00ea[&hellip;]","jetpack_sharing_enabled":true,"_links":{"self":[{"href":"https:\/\/alanleal-econ.com\/index.php\/wp-json\/wp\/v2\/pages\/1583","targetHints":{"allow":["GET"]}}],"collection":[{"href":"https:\/\/alanleal-econ.com\/index.php\/wp-json\/wp\/v2\/pages"}],"about":[{"href":"https:\/\/alanleal-econ.com\/index.php\/wp-json\/wp\/v2\/types\/page"}],"author":[{"embeddable":true,"href":"https:\/\/alanleal-econ.com\/index.php\/wp-json\/wp\/v2\/users\/1"}],"replies":[{"embeddable":true,"href":"https:\/\/alanleal-econ.com\/index.php\/wp-json\/wp\/v2\/comments?post=1583"}],"version-history":[{"count":7,"href":"https:\/\/alanleal-econ.com\/index.php\/wp-json\/wp\/v2\/pages\/1583\/revisions"}],"predecessor-version":[{"id":1592,"href":"https:\/\/alanleal-econ.com\/index.php\/wp-json\/wp\/v2\/pages\/1583\/revisions\/1592"}],"wp:attachment":[{"href":"https:\/\/alanleal-econ.com\/index.php\/wp-json\/wp\/v2\/media?parent=1583"}],"curies":[{"name":"wp","href":"https:\/\/api.w.org\/{rel}","templated":true}]}}