{"id":1597,"date":"2026-02-03T21:16:17","date_gmt":"2026-02-04T00:16:17","guid":{"rendered":"https:\/\/alanleal-econ.com\/?page_id=1597"},"modified":"2026-02-16T13:51:41","modified_gmt":"2026-02-16T16:51:41","slug":"valor-cafe","status":"publish","type":"page","link":"https:\/\/alanleal-econ.com\/index.php\/valor-cafe\/","title":{"rendered":"Valor Caf\u00e9"},"content":{"rendered":"<h1>Valor Caf\u00e9<\/h1>\n<h2>Introdu\u00e7\u00e3o<\/h2>\n<p>Valor Caf\u00e9 tem por objetivo oferecer ao leitor intelig\u00eancia de mercado no que tange o mercado brasileiro de caf\u00e9, com foco no caf\u00e9 ar\u00e1bica.\u00a0<\/p>\n<p>Essa p\u00e1gina \u00e9 organizada em tr\u00eas se\u00e7\u00f5es. A se\u00e7\u00e3o 1 detalha o pre\u00e7o do contrato futuro de caf\u00e9, indicando movimentos recentes. Ademais, o usu\u00e1rio pode escolher diferentes horizontes temporais de an\u00e1lise e compara\u00e7\u00e3o, o que permite uma an\u00e1lise personalizada mais direta. A se\u00e7\u00e3o 2 detalha onde ocorre a produ\u00e7\u00e3o do caf\u00e9 ar\u00e1bica no Brasil, enfatizando movimentos recentes dos \u00faltimos anos (2015-2024). Por fim, a Se\u00e7\u00e3o 3 explicita quais estados mais exportam o caf\u00e9 brasileiro, usando dados brasileiros de com\u00e9rcio exterior.\u00a0<\/p>\n<h2>Se\u00e7\u00e3o 1. Pre\u00e7os de Contratos do Caf\u00e9 Ar\u00e1bica (Coffee Cash Contract &#8211; Pepperstone)<\/h2>\n\n\n<!-- TradingView Widget -->\n<div class=\"tradingview-widget-container\">\n  <div class=\"tradingview-widget-container__widget\"><\/div>\n  <script type=\"text\/javascript\" src=\"https:\/\/s3.tradingview.com\/external-embedding\/embed-widget-mini-symbol-overview.js\" async>\n  {\n  \"symbol\": \"FOREXCOM:COFFEE\",\n  \"width\": \"100%\",\n  \"height\": 400,\n  \"locale\": \"br\",\n  \"dateRange\": \"12M\",\n  \"colorTheme\": \"light\",\n  \"trendLineColor\": \"rgba(41, 98, 255, 1)\",\n  \"underLineColor\": \"rgba(41, 98, 255, 0.3)\",\n  \"underLineBottomColor\": \"rgba(41, 98, 255, 0)\",\n  \"isTransparent\": false,\n  \"autosize\": false,\n  \"largeChartUrl\": \"\"\n  }\n  <\/script>\n<\/div>\n\n\n\n<h2 class=\"wp-block-heading\">Se\u00e7\u00e3o 2. Produ\u00e7\u00e3o de Caf\u00e9 por Munic\u00edpio Brasileiro (Quantidade de Sacas e Valor da Produ\u00e7\u00e3o)<\/h2>\n\n\n<p><iframe title=\"Dashboard PAM IBGE\" src=\"https:\/\/app.powerbi.com\/view?r=eyJrIjoiODNkMzljMDctZThiYi00ZTgzLWJlOWYtMmFmNDQ4NGRiMGVjIiwidCI6ImRlOWZmOGE3LWUxMzMtNGQ2OC04MGM5LWI3YTIyMzEzMTdkOSJ9\" width=\"1200\" height=\"700\" frameborder=\"0\" allowfullscreen=\"allowfullscreen\"><\/iframe><\/p>\n\n\n<h2 class=\"wp-block-heading\">Se\u00e7\u00e3o 3. Exporta\u00e7\u00e3o de Caf\u00e9 por Estados Brasileiros e Principais Destinos<\/h2>\n\n\n<iframe title=\"Caf\u00e9 no ComexStat\" width=\"1200\" height=\"700\" src=\"https:\/\/app.powerbi.com\/view?r=eyJrIjoiOTkwNTRmZjQtNWI1ZS00MjA0LTg5ZjItYzVkMjdmMGM2Zjg0IiwidCI6ImRlOWZmOGE3LWUxMzMtNGQ2OC04MGM5LWI3YTIyMzEzMTdkOSJ9\" frameborder=\"0\" allowFullScreen=\"true\"><\/iframe>\n\n\n<p><\/p>\n","protected":false},"excerpt":{"rendered":"<p>Valor Caf\u00e9 Introdu\u00e7\u00e3o Valor Caf\u00e9 tem por objetivo oferecer ao leitor intelig\u00eancia de mercado no que tange o mercado brasileiro de caf\u00e9, com foco no caf\u00e9 ar\u00e1bica.\u00a0 Essa p\u00e1gina \u00e9 organizada em tr\u00eas se\u00e7\u00f5es. A se\u00e7\u00e3o 1 detalha o pre\u00e7o do contrato futuro de caf\u00e9, indicando movimentos recentes. Ademais, o usu\u00e1rio pode escolher diferentes horizontes[&hellip;]<\/p>\n","protected":false},"author":1,"featured_media":0,"parent":0,"menu_order":0,"comment_status":"closed","ping_status":"closed","template":"","meta":{"zakra_general_container_width":0,"zakra_general_content_width":0,"zakra_general_sidebar_width":0,"zakra_sticky_header":"customizer","zakra_header_main_area":true,"zakra_site_logo_width":0,"zakra_header_top_enabled":"customizer","zakra_header_top_style":"customizer","zakra_primary_menu_item_style":"customizer","zakra_page_header_text_color":"","zakra_page_header_layout":"customizer","zakra_page_title_bg":"","zakra_footer_widgets_bg_image":0,"zakra_page_title_bg_repeat":"customizer","zakra_page_title_bg_position":"customizer","zakra_page_title_bg_size":"customizer","zakra_page_title_bg_attachment":"customizer","zakra_breadcrumbs_enabled":"customizer","zakra_breadcrumbs_text_color":"","zakra_breadcrumbs_separator_color":"","zakra_breadcrumbs_link_color":"","zakra_breadcrumbs_link_hover_color":"","zakra_page_title_bg_image":0,"zakra_footer_widgets_enabled":"customizer","zakra_footer_column_layout_1_style":"customizer","zakra_footer_widgets_bg":"","zakra_footer_widgets_bg_repeat":"customizer","zakra_footer_widgets_bg_position":"customizer","zakra_footer_widgets_bg_size":"customizer","zakra_footer_widgets_bg_attachment":"customizer","zakra_footer_bar_enabled":"customizer","zakra_footer_bar_style":"customizer","zakra_page_container_layout":"customizer","zakra_page_sidebar_layout":"customizer","zakra_remove_content_margin":false,"zakra_sidebar":"customizer","zakra_transparent_header":"customizer","zakra_logo":0,"zakra_main_header_style":"default","zakra_menu_item_color":"","zakra_menu_item_hover_color":"","zakra_menu_item_active_color":"","zakra_menu_active_style":"","zakra_page_header":true,"_coblocks_attr":"","_coblocks_dimensions":"","_coblocks_responsive_height":"","_coblocks_accordion_ie_support":"","_uag_custom_page_level_css":"","jetpack_post_was_ever_published":false,"footnotes":""},"class_list":["post-1597","page","type-page","status-publish","hentry"],"uagb_featured_image_src":{"full":false,"thumbnail":false,"medium":false,"medium_large":false,"large":false,"1536x1536":false,"2048x2048":false,"zakra-thumb-size-one":false,"zakra-thumb-size-two":false},"uagb_author_info":{"display_name":"Alan Leal","author_link":"https:\/\/alanleal-econ.com\/index.php\/author\/alanmarqueslealhotmail-com\/"},"uagb_comment_info":0,"uagb_excerpt":"Valor Caf\u00e9 Introdu\u00e7\u00e3o Valor Caf\u00e9 tem por objetivo oferecer ao leitor intelig\u00eancia de mercado no que tange o mercado brasileiro de caf\u00e9, com foco no caf\u00e9 ar\u00e1bica.\u00a0 Essa p\u00e1gina \u00e9 organizada em tr\u00eas se\u00e7\u00f5es. A se\u00e7\u00e3o 1 detalha o pre\u00e7o do contrato futuro de caf\u00e9, indicando movimentos recentes. Ademais, o usu\u00e1rio pode escolher diferentes horizontes[&hellip;]","jetpack_sharing_enabled":true,"_links":{"self":[{"href":"https:\/\/alanleal-econ.com\/index.php\/wp-json\/wp\/v2\/pages\/1597","targetHints":{"allow":["GET"]}}],"collection":[{"href":"https:\/\/alanleal-econ.com\/index.php\/wp-json\/wp\/v2\/pages"}],"about":[{"href":"https:\/\/alanleal-econ.com\/index.php\/wp-json\/wp\/v2\/types\/page"}],"author":[{"embeddable":true,"href":"https:\/\/alanleal-econ.com\/index.php\/wp-json\/wp\/v2\/users\/1"}],"replies":[{"embeddable":true,"href":"https:\/\/alanleal-econ.com\/index.php\/wp-json\/wp\/v2\/comments?post=1597"}],"version-history":[{"count":9,"href":"https:\/\/alanleal-econ.com\/index.php\/wp-json\/wp\/v2\/pages\/1597\/revisions"}],"predecessor-version":[{"id":1617,"href":"https:\/\/alanleal-econ.com\/index.php\/wp-json\/wp\/v2\/pages\/1597\/revisions\/1617"}],"wp:attachment":[{"href":"https:\/\/alanleal-econ.com\/index.php\/wp-json\/wp\/v2\/media?parent=1597"}],"curies":[{"name":"wp","href":"https:\/\/api.w.org\/{rel}","templated":true}]}}