{"id":382,"date":"2021-01-16T20:47:01","date_gmt":"2021-01-16T20:47:01","guid":{"rendered":"http:\/\/alanleal-econ.com\/?page_id=382"},"modified":"2026-02-18T20:41:58","modified_gmt":"2026-02-18T23:41:58","slug":"research","status":"publish","type":"page","link":"https:\/\/alanleal-econ.com\/index.php\/research\/","title":{"rendered":"Papers and Conferences"},"content":{"rendered":"<p style=\"text-align: center;\">(If you have any trouble accessing the content of this page, please contact me at <a href=\"mailto:prof@alanleal-econ.com\">prof@alanleal-econ.com<\/a> and I will send the content to you)-en<\/p>\n<p style=\"text-align: center;\">(Se voc\u00ea tiver qualquer problema acessando o conte\u00fado dessa p\u00e1gina, contate-me atrav\u00e9s do e-mail <a href=\"mailto:prof@alanleal-econ.com\">prof@alanleal-econ.com<\/a> e eu o enviarei para voc\u00ea)-pt-br<\/p>\n<h3 style=\"text-align: left;\"><strong>Papers<\/strong><\/h3>\n<p>8. <a href=\"https:\/\/seer.ufu.br\/index.php\/revistaeconomiaensaios\/article\/view\/70825\" target=\"_blank\" rel=\"noopener\">Instant Payments and Banks: the Impacts of PIX on Bank Branches in Brazil<\/a>. <strong>Leal, A. <\/strong>Haase, M. A. O. Published at Economia Ensaios. <a href=\"https:\/\/alanleal-econ.com\/wp-content\/uploads\/2025\/07\/7-InstantPaymentsandBankstheImpactofPixonBankBranchesinBrazil.pdf\" target=\"_blank\" rel=\"noopener\">File available here!<\/a><\/p>\n<p>7. <a href=\"https:\/\/revistaaber.org.br\/rberu\/article\/view\/1156\" target=\"_blank\" rel=\"noopener\">Brazilian exports imputation: a new algorithm for estimating the municipal production directed at the foreign market<\/a>. <strong>Leal, A.\u00a0<\/strong>Martins, M. M. V. Published at Revista Brasileira de Estudos. <a href=\"https:\/\/alanleal-econ.com\/wp-content\/uploads\/2025\/05\/6_1156ed.pdf\" target=\"_blank\" rel=\"noopener\">File available here!<\/a><\/p>\n<p>6. <a href=\"https:\/\/doi.org\/10.1007\/s11196-025-10250-7\" target=\"_blank\" rel=\"noopener\">Forest Trade on the Amazon Frontier and Its Interaction with the EUDR<\/a>. Trevizan, A. F., <strong>Leal, A. M. M.<\/strong>, Valle, V. E. N.. Published at International Journal for the Semiotics of Law. <a href=\"https:\/\/alanleal-econ.com\/wp-content\/uploads\/2025\/02\/s11196-025-10250-7.pdf\" target=\"_blank\" rel=\"noopener\">File available here!<\/a><\/p>\n<p>5. <a href=\"https:\/\/doi.org\/10.1029\/2023WR034510\">Water charge and conservation of natural areas: An ex-ante assessment of a policy proposal for the Mantiqueira region, Brazil<\/a>. Rocha, A., Haddad, E., <strong>Leal. A.<\/strong>, Corr\u00eaa, J. Published at Water Resources Research.<\/p>\n<p>4. <a href=\"http:\/\/periodicos.unesc.net\/RDSD\/article\/view\/6091\">Efeito do transtorno depressivo sobre os rendimentos do trabalho por g\u00eanero e setor produtivo brasileiro<\/a>. <strong>Leal, A. M. M.<\/strong>, Teixeira, E. C. Published at Revista Desenvolvimento Socioecon\u00f4mico em Debate. <a href=\"http:\/\/alanleal-econ.com\/wp-content\/uploads\/2021\/08\/6091-17732-1-PB.pdf\">File available here!<\/a><\/p>\n<p>3. <a href=\"http:\/\/dx.doi.org\/10.13059\/racef.v12i3.672\" target=\"_blank\" rel=\"noopener\">Percep\u00e7\u00e3o da Corrup\u00e7\u00e3o e o Desempenho Acad\u00eamico de Estudantes<\/a>. <strong>Leal, A. M. M.<\/strong>, Teixeira, E. C. . Published at RACEF. <a href=\"https:\/\/alanleal-econ.com\/wp-content\/uploads\/2022\/03\/artigo-racef.pdf\" target=\"_blank\" rel=\"noopener\">File available here!<\/a><\/p>\n<p>2. <a href=\"https:\/\/seer.ufs.br\/index.php\/geonordeste\/article\/view\/14042\" target=\"_blank\" rel=\"noopener\">Efeitos do crescimento econ\u00f4mico sobre a desigualdade salarial por g\u00eanero no Nordeste- Brasil<\/a>. <strong>Leal, A. M. M.<\/strong>, Santos, F. P., Romero, J. P. Published at Revista GeoNordeste.\u00a0<a href=\"http:\/\/alanleal-econ.com\/wp-content\/uploads\/2021\/06\/14042-Texto-do-artigo-47053-1-10-20210628.pdf\">File available here!<\/a><\/p>\n<p style=\"text-align: left;\">1. <a href=\"https:\/\/www.sciencedirect.com\/science\/article\/abs\/pii\/S0301420720309673\" target=\"_blank\" rel=\"noopener\">Regional economic resilience and mining in the State of Minas Gerais\/Brazil: The barriers of productive specialisation to formal employment and tax management<\/a>. Silva, J. F., Silva, F. F., <strong>Leal, A. M. M.<\/strong>, Oliveira, H. C. Published at Resources Policy.<\/p>\n<h3 style=\"text-align: left;\"><strong>Conferences and Meetings<\/strong><\/h3>\n<p>8. <a href=\"https:\/\/alanleal-econ.com\/wp-content\/uploads\/2025\/12\/Trade_openess_and_exports_concentration.pdf\" target=\"_blank\" rel=\"noopener\">Do More Open Economies Lead to Export Concentration? The Case of Selected Agribusiness Goods in Brazilian Municipalities<\/a>. <strong>Leal, A.<\/strong>, Martins, M. M. V. Presented at 23rd ENABER, 2025, and at 53rd ANPEC, 2025.<\/p>\n<p>7. <a href=\"https:\/\/alanleal-econ.com\/wp-content\/uploads\/2025\/11\/Protecionismo_Verde_Econacu_2025.pdf\" target=\"_blank\" rel=\"noopener\">Protecionismo Verde ou Preserva\u00e7\u00e3o Ambiental?<\/a> <strong>Leal, A. <\/strong>Conference presented in Encontro Nacional de Economia do Vale do Assu. November, 2025.<\/p>\n<p>6.\u00a0<a href=\"https:\/\/alanleal-econ.com\/wp-content\/uploads\/2025\/03\/Brazilian_Exports_Inputation_NEREUS-4.pdf\" target=\"_blank\" rel=\"noopener\">Brazilian Exports Imputation: a New Algorithm for Estimating the Municipal Production Directed at the Foreign Market<\/a>. <strong>Leal, A.<\/strong>, Martins, M. M. V. Presented at the NEREUS Weekly Seminar and the UFV\/UFOP Economics Grad Seminar.<\/p>\n<p>5. <a href=\"http:\/\/alanleal-econ.com\/wp-content\/uploads\/2024\/10\/Trade-and-land-use-change-EMTA-and-Legal-Amazon.pdf\" target=\"_blank\" rel=\"noopener\">The Political Economy behind Trade and Land Use: Legal Amazon in the EU-Mercosur Free Trade Agreement<\/a>. <strong>Leal, A.<\/strong>, Haddad, E. A. Presented at 22nd ENABER, 2024 and at 52nd ANPEC, 2024.<\/p>\n<p>4. <a href=\"https:\/\/alanleal-econ.com\/wp-content\/uploads\/2024\/03\/Main-presentation.pdf\" target=\"_blank\" rel=\"noopener\">Modelo de Classifica\u00e7\u00e3o &#8211; <em>Gradient Boosting<\/em><\/a>. <strong>Leal, A. M. M. <\/strong>Presented at Belo Horizonte City Hall, December 2022.<\/p>\n<p>3.<a href=\"http:\/\/alanleal-econ.com\/wp-content\/uploads\/2022\/04\/Modelo_de_Classifica__o.pdf\" target=\"_blank\" rel=\"noopener\">Classifica\u00e7\u00e3o das Tipologias de Im\u00f3veis: Uma Aplica\u00e7\u00e3o do Gradient Boosting para o Munic\u00edpio de Belo Horizonte-MG<\/a>. <strong>Leal, A. M. M.<\/strong> Presented at NEREUS weekly seminar, April, 14th, 2022.<\/p>\n<p>2.<a href=\"http:\/\/alanleal-econ.com\/wp-content\/uploads\/2022\/04\/49__ANPEC___Capital_netflows.pdf\" target=\"_blank\" rel=\"noopener\">Short and long-run relations between capital netflows and the differential of American and Brazilian interest rates<\/a>. <strong>Leal, A. M. M.<\/strong>, D&#8217;Amato, S., Viveiros, I. Presented at the 49th National Conference in Economics, 2020.<\/p>\n<p style=\"text-align: left;\">1. <a href=\"http:\/\/alanleal-econ.com\/wp-content\/uploads\/2021\/01\/i10-2335f321a212bc0fbc78b9c89be57612.pdf\" target=\"_blank\" rel=\"noopener\">Regional economic resilience and mining in the State of Minas Gerais\/Brazil: The barriers of productive specialisation to formal employment and tax management<\/a>. Silva, J. F., Silva, F. F., <strong>Leal, A. M. M.<\/strong>, Oliveira, H. C. Presented at the 48th National Conference in Economics, 2020.<\/p>\n<h3 style=\"text-align: left;\"><strong>Working Papers<\/strong><\/h3>\n<p>9. <a href=\"https:\/\/papers.ssrn.com\/sol3\/papers.cfm?abstract_id=6249319\" target=\"_blank\" rel=\"noopener\">Do EU food safety inspections follow the harvest? Testing for seasonal protectionism in border rejections<\/a>. Michelle Marcia Viana Martins, Alan Leal, and J\u00e9ssica de Jesus Teixeira.<\/p>\n<p>8. <a href=\"https:\/\/ssrn.com\/abstract=6214698\" target=\"_blank\" rel=\"noopener\">EUDR and Deforestation in Brazil: Are Producers Anticipating the European Deforestation-Free Regulation<\/a>. Ana Leal, Ana Fl\u00e1via Trevizan, Michelle Marcia Viana Martins, and Carmen Fonseca.<\/p>\n<p>7. <a href=\"https:\/\/dx.doi.org\/10.2139\/ssrn.5345901\" target=\"_blank\" rel=\"noopener\">Do more open economies lead to export concentration? The case of selected agribusiness goods in Brazilian municipalities<\/a>. Alan Leal, Michelle Marcia Viana Martins.<\/p>\n<p>6. <a href=\"https:\/\/alanleal-econ.com\/wp-content\/uploads\/2025\/07\/Sistema_de_Imputacao_de_Exportacoes_Municipais.pdf\" target=\"_blank\" rel=\"noopener\">Sistema Web para Imputa\u00e7\u00e3o de Exporta\u00e7\u00f5es Municipais Brasileiras: Uma Aplica\u00e7\u00e3o do Algoritmo de Leal &amp; Martins (2025)<\/a>. Alan Leal, Michelle Marcia Viana Martins. <a href=\"https:\/\/alanleal-econ.com\/wp-content\/uploads\/2025\/07\/Sistema_de_Imputacao_de_Exportacoes_Municipais.pdf\" target=\"_blank\" rel=\"noopener\">File available here!<\/a><\/p>\n<p>5. <a href=\"https:\/\/alanleal-econ.com\/wp-content\/uploads\/2025\/02\/TD_NEREUS_03_2025.pdf\" target=\"_blank\" rel=\"noopener\">Brazilian Exports Imputation: a New Algorithm for Estimating the Municipal Production Directed at the Foreign Market<\/a>. <strong>Alan Leal<\/strong>, Michelle Marcia Viana Martins.<\/p>\n<p>4. <span style=\"font-size: revert;\"><a href=\"https:\/\/ideas.repec.org\/p\/ris\/nereus\/2024_005.html\" target=\"_blank\" rel=\"noopener\">There is Trouble with the Trees: How to Avoid Trade-Induced Deforestation?<\/a>.\u00a0<strong>Alan Leal<\/strong>, Maur\u00edcio Bugarin, 2024. <a href=\"http:\/\/alanleal-econ.com\/wp-content\/uploads\/2024\/08\/eprg-wp-2024-109.pdf\" target=\"_blank\" rel=\"noopener\">File available here!<\/a><\/span><\/p>\n<p>3. <a href=\"https:\/\/ideas.repec.org\/p\/ris\/nereus\/2024_004.html\" target=\"_blank\" rel=\"noopener\">The Political Economy behind Trade and Land Use: Legal Amazon in the EU-Mercosur Free Trade Agreement<\/a>.\u00a0<strong>Alan Leal<\/strong>, Eduardo Amaral Haddad, 2024. <a href=\"http:\/\/alanleal-econ.com\/wp-content\/uploads\/2024\/07\/TD_NEREUS_04_2024.pdf\" target=\"_blank\" rel=\"noopener\">File available here!<\/a><\/p>\n<p>2. <a href=\"http:\/\/alanleal-econ.com\/wp-content\/uploads\/2023\/02\/pix_bancos_identificado-1.pdf\" target=\"_blank\" rel=\"noopener\">Pagamentos Instant\u00e2neos e Bancos: o Impacto do PIX sobre Ag\u00eancias Banc\u00e1rias no Brasil<\/a>. <strong>Alan Marques Miranda Leal<\/strong>. 2023.<\/p>\n<p style=\"text-align: left;\">1. <a href=\"https:\/\/EconPapers.repec.org\/RePEc:cdp:texdis:td629\">Short and long-run relations between capital netflows and the differential of american and brazilian interest rates<\/a>, No 629, Textos para Discuss\u00e3o Cedeplar-UFMG, Cedeplar, Universidade Federal de Minas Gerais. <strong>Leal, Alan<\/strong>, D&#8217;Amato, Stefan and Viveiros, Igor, 2021.<\/p>\n<h3 style=\"text-align: left;\"><strong>Other Academic Works<\/strong><\/h3>\n<p>3.<a href=\"https:\/\/alanleal-econ.com\/index.php\/international-trade-and-deforestation-the-political-economy-behind-brazilian-land-intensive-exports\/\" target=\"_blank\" rel=\"noopener\">International trade and deforestation: the political economy behind Brazilian land-intensive exports<\/a>. Dissertation presented to University of S\u00e3o Paulo for the Ph.D. in Economics in 2025.<\/p>\n<p>2. <a href=\"http:\/\/hdl.handle.net\/1843\/35012\" target=\"_blank\" rel=\"noopener\">Two essays on the relevance of interest rates on capital flows and credit<\/a>. Thesis presented to Universidade Federal de Minas Gerais for the Master in Economics degree in 2020. <a href=\"https:\/\/alanleal-econ.com\/wp-content\/uploads\/2023\/11\/Two-essays-on-the-relevance-of-interest-rates-on-capital-flows-and-credit.pdf\" target=\"_blank\" rel=\"noopener\">File available here!<\/a><\/p>\n<p>1. Discrimina\u00e7\u00e3o de rendimentos contra mulheres e negros: situa\u00e7\u00e3o atual para o Brasil. Monograph presented to Universidade Federal de Vi\u00e7osa for the Bachelor in Economics degree in 2017. <a href=\"https:\/\/alanleal-econ.com\/wp-content\/uploads\/2023\/11\/MonografiaFinal.pdf\" target=\"_blank\" rel=\"noopener\">File available here!<\/a><\/p>\n","protected":false},"excerpt":{"rendered":"<p>(If you have any trouble accessing the content of this page, please contact me at prof@alanleal-econ.com and I will send the content to you)-en (Se voc\u00ea tiver qualquer problema acessando o conte\u00fado dessa p\u00e1gina, contate-me atrav\u00e9s do e-mail prof@alanleal-econ.com e eu o enviarei para voc\u00ea)-pt-br Papers 8. Instant Payments and Banks: the Impacts of PIX[&hellip;]<\/p>\n","protected":false},"author":1,"featured_media":0,"parent":0,"menu_order":0,"comment_status":"closed","ping_status":"closed","template":"","meta":{"zakra_general_container_width":0,"zakra_general_content_width":0,"zakra_general_sidebar_width":0,"zakra_sticky_header":"customizer","zakra_header_main_area":true,"zakra_site_logo_width":0,"zakra_header_top_enabled":"customizer","zakra_header_top_style":"customizer","zakra_primary_menu_item_style":"customizer","zakra_page_header_text_color":"","zakra_page_header_layout":"customizer","zakra_page_title_bg":"","zakra_footer_widgets_bg_image":0,"zakra_page_title_bg_repeat":"customizer","zakra_page_title_bg_position":"customizer","zakra_page_title_bg_size":"customizer","zakra_page_title_bg_attachment":"customizer","zakra_breadcrumbs_enabled":"customizer","zakra_breadcrumbs_text_color":"","zakra_breadcrumbs_separator_color":"","zakra_breadcrumbs_link_color":"","zakra_breadcrumbs_link_hover_color":"","zakra_page_title_bg_image":0,"zakra_footer_widgets_enabled":"customizer","zakra_footer_column_layout_1_style":"customizer","zakra_footer_widgets_bg":"","zakra_footer_widgets_bg_repeat":"customizer","zakra_footer_widgets_bg_position":"customizer","zakra_footer_widgets_bg_size":"customizer","zakra_footer_widgets_bg_attachment":"customizer","zakra_footer_bar_enabled":"customizer","zakra_footer_bar_style":"customizer","zakra_page_container_layout":"customizer","zakra_page_sidebar_layout":"customizer","zakra_remove_content_margin":false,"zakra_sidebar":"customizer","zakra_transparent_header":"customizer","zakra_logo":0,"zakra_main_header_style":"default","zakra_menu_item_color":"","zakra_menu_item_hover_color":"","zakra_menu_item_active_color":"","zakra_menu_active_style":"","zakra_page_header":true,"_coblocks_attr":"","_coblocks_dimensions":"","_coblocks_responsive_height":"","_coblocks_accordion_ie_support":"","_uag_custom_page_level_css":"","jetpack_post_was_ever_published":false,"footnotes":""},"class_list":["post-382","page","type-page","status-publish","hentry"],"uagb_featured_image_src":{"full":false,"thumbnail":false,"medium":false,"medium_large":false,"large":false,"1536x1536":false,"2048x2048":false,"zakra-thumb-size-one":false,"zakra-thumb-size-two":false},"uagb_author_info":{"display_name":"Alan Leal","author_link":"https:\/\/alanleal-econ.com\/index.php\/author\/alanmarqueslealhotmail-com\/"},"uagb_comment_info":0,"uagb_excerpt":"(If you have any trouble accessing the content of this page, please contact me at prof@alanleal-econ.com and I will send the content to you)-en (Se voc\u00ea tiver qualquer problema acessando o conte\u00fado dessa p\u00e1gina, contate-me atrav\u00e9s do e-mail prof@alanleal-econ.com e eu o enviarei para voc\u00ea)-pt-br Papers 8. Instant Payments and Banks: the Impacts of PIX[&hellip;]","jetpack_sharing_enabled":true,"_links":{"self":[{"href":"https:\/\/alanleal-econ.com\/index.php\/wp-json\/wp\/v2\/pages\/382","targetHints":{"allow":["GET"]}}],"collection":[{"href":"https:\/\/alanleal-econ.com\/index.php\/wp-json\/wp\/v2\/pages"}],"about":[{"href":"https:\/\/alanleal-econ.com\/index.php\/wp-json\/wp\/v2\/types\/page"}],"author":[{"embeddable":true,"href":"https:\/\/alanleal-econ.com\/index.php\/wp-json\/wp\/v2\/users\/1"}],"replies":[{"embeddable":true,"href":"https:\/\/alanleal-econ.com\/index.php\/wp-json\/wp\/v2\/comments?post=382"}],"version-history":[{"count":54,"href":"https:\/\/alanleal-econ.com\/index.php\/wp-json\/wp\/v2\/pages\/382\/revisions"}],"predecessor-version":[{"id":1620,"href":"https:\/\/alanleal-econ.com\/index.php\/wp-json\/wp\/v2\/pages\/382\/revisions\/1620"}],"wp:attachment":[{"href":"https:\/\/alanleal-econ.com\/index.php\/wp-json\/wp\/v2\/media?parent=382"}],"curies":[{"name":"wp","href":"https:\/\/api.w.org\/{rel}","templated":true}]}}