{"id":782,"date":"2023-01-10T20:30:33","date_gmt":"2023-01-10T20:30:33","guid":{"rendered":"https:\/\/alanleal-econ.com\/?page_id=782"},"modified":"2026-02-27T17:38:42","modified_gmt":"2026-02-27T20:38:42","slug":"policy","status":"publish","type":"page","link":"https:\/\/alanleal-econ.com\/index.php\/policy\/","title":{"rendered":"Policy"},"content":{"rendered":"<p><strong>Policy Briefs and Articles<\/strong><\/p>\n<p>35. <a href=\"http:\/\/alanleal-econ.com\/wp-content\/uploads\/2026\/02\/bif545-69-78.pdf\" target=\"_blank\" rel=\"noopener\">\u00cdndice de Indu\u00e7\u00e3o Exporta\u00e7\u00e3o-Desconcentra\u00e7\u00e3o: Crescimento de Exporta\u00e7\u00e3o e Desconcentra\u00e7\u00e3o da Pauta Exportadora<\/a><\/p>\n<p>34. <a href=\"https:\/\/soundcloud.com\/eu-las-network\/regulating-sustainability-eu?si=801f5f97c6bb437dbb99ad6d5511fc74&amp;utm_source=clipboard&amp;utm_medium=text&amp;utm_campaign=social_sharing\" target=\"_blank\" rel=\"noopener\">Regulating sustainability: EU Trade Policy and Its Impact in Latin America<\/a> (epis\u00f3dio do podcast Weaving Paths, do EULAS)<\/p>\n<p>33. <a href=\"https:\/\/alanleal-econ.com\/index.php\/valor-cafe\/\" target=\"_blank\" rel=\"noopener\">Valor Caf\u00e9 &#8211; o com\u00e9rcio internacional por tr\u00e1s do caf\u00e9 ar\u00e1bica brasileiro<\/a><\/p>\n<p>32. <a href=\"https:\/\/alanleal-econ.com\/index.php\/comex-e-regioes-indices-analiticos\/\" target=\"_blank\" rel=\"noopener\">Comex e Regi\u00f5es: \u00cdndices Anal\u00edticos<\/a><\/p>\n<p>31. <a href=\"https:\/\/fd.nl\/bedrijfsleven\/1569543\/succes-braziliaanse-betaalsysteem-pix-zet-kwaad-bloed-bij-trump\" target=\"_blank\" rel=\"noopener\">Succes Braziliaanse betaalsysteem Pix zet kwaad bloed bij Trump<\/a> (Contribui\u00e7\u00e3o para <em>Het Financieele Dagblad<\/em> sobre o PIX)<\/p>\n<p>30. <a href=\"https:\/\/alanleal-econ.com\/index.php\/quais-setores-foram-mais-afetados-pelas-tarifas-dos-eua\/\" target=\"_blank\" rel=\"noopener\">Quais setores foram mais afetados pelas tarifas dos Estados Unidos?<\/a><\/p>\n<p>29. <a href=\"https:\/\/alanleal-econ.com\/wp-content\/uploads\/2025\/08\/bif539-31-34.pdf\" target=\"_blank\" rel=\"noopener\">Estabilidade Num\u00e9rica do Vetor de Relev\u00e2ncia Municipal das Exporta\u00e7\u00f5es em Algoritmos de Imputa\u00e7\u00e3o<\/a><\/p>\n<p>28. <a href=\"https:\/\/alanleal-econ.com\/index.php\/setores-isentos-vs-nao-isentos-com-as-tarifas-americanas-em-agosto-2025\/\" target=\"_blank\" rel=\"noopener\">Setores Isentos vs n\u00e3o-Isentos com as Tarifas Americanas em Agosto\/2025<\/a><\/p>\n<p>27. <a href=\"https:\/\/alanleal-econ.com\/wp-content\/uploads\/2025\/07\/bif538-54-58.pdf\" target=\"_blank\" rel=\"noopener\">Quando o Com\u00e9rcio Fere a Equidade: Tarifas dos EUA e os Setores Femininos da Exporta\u00e7\u00e3o Brasileira<\/a><\/p>\n<p>26. <a href=\"https:\/\/alanleal-econ.com\/wp-content\/uploads\/2025\/06\/bif537-44-52.pdf\" target=\"_blank\" rel=\"noopener\">Usando o Desmatamento para Imputar as Exporta\u00e7\u00f5es de Madeira no Mato Grosso em 2022<\/a><\/p>\n<p>25. <a href=\"https:\/\/alanleal-econ.com\/wp-content\/uploads\/2025\/05\/bif536-22-32.pdf\" target=\"_blank\" rel=\"noopener\">Intera\u00e7\u00f5es entre G\u00eanero, Com\u00e9rcio Internacional e Inova\u00e7\u00e3o: Pap\u00e9is Moderadores e Mediadores<\/a><\/p>\n<p>24. <a href=\"https:\/\/alanleal-econ.com\/wp-content\/uploads\/2025\/01\/bif532-50-55.pdf\" target=\"_blank\" rel=\"noopener\">Minerais Cr\u00edticos para a Transi\u00e7\u00e3o Energ\u00e9tica: o Caso do Grafite e o Papel do Brasil na Produ\u00e7\u00e3o desse Bem<\/a><\/p>\n<p>23. <a href=\"http:\/\/alanleal-econ.com\/wp-content\/uploads\/2024\/12\/bif531-48-53.pdf\" target=\"_blank\" rel=\"noopener\">Uma An\u00e1lise Setorial e Regional do Perfil Tarif\u00e1rio no Com\u00e9rcio do Brasil para os Estados Unidos<\/a><\/p>\n<p>22. <a href=\"http:\/\/alanleal-econ.com\/wp-content\/uploads\/2024\/12\/bif531-70-74.pdf\" target=\"_blank\" rel=\"noopener\">Como os S\u00f3cios Impactam a Sobreviv\u00eancia de Empresas no Brasil?<\/a><\/p>\n<p>21. <a href=\"https:\/\/alanleal-econ.com\/wp-content\/uploads\/2024\/11\/bif530-40-43.pdf\" target=\"_blank\" rel=\"noopener\">Boicote \u00e0 Carne do Mercosul pelo Carrefour na Fran\u00e7a: Uma An\u00e1lise com Foco no Brasil<\/a><\/p>\n<p>20. <a href=\"https:\/\/alanleal-econ.com\/wp-content\/uploads\/2024\/10\/bif529-55-60.pdf\" target=\"_blank\" rel=\"noopener\">Mapeando Com\u00e9rcio, Trabalho e G\u00eanero no Estado de S\u00e3o Paulo<\/a><\/p>\n<p>19. <a href=\"http:\/\/alanleal-econ.com\/wp-content\/uploads\/2024\/09\/bif528-70-74.pdf\" target=\"_blank\" rel=\"noopener\">G\u00eanero e Com\u00e9rcio Internacional no Brasil: An\u00e1lise das Desigualdades<\/a><\/p>\n<p>18. <a href=\"http:\/\/alanleal-econ.com\/wp-content\/uploads\/2024\/09\/bif528-39-42.pdf\" target=\"_blank\" rel=\"noopener\">Perfil da Exposi\u00e7\u00e3o das Exporta\u00e7\u00f5es ao EUDR<\/a><\/p>\n<p>17. <a href=\"http:\/\/alanleal-econ.com\/wp-content\/uploads\/2024\/08\/bif527-33-40.pdf\" target=\"_blank\" rel=\"noopener\"><span style=\"font-size: revert;\">Perfil Espacial da Origem dos Deputados Brasileiros na Legislatura de 2022<\/span><\/a><\/p>\n<p>16. <a href=\"http:\/\/alanleal-econ.com\/wp-content\/uploads\/2024\/07\/bif526-31-34.pdf\" target=\"_blank\" rel=\"noopener\">Trade Share Setorial M\u00e9dio para Munic\u00edpios<\/a><\/p>\n<p>15. <a href=\"http:\/\/alanleal-econ.com\/wp-content\/uploads\/2024\/06\/bif525-8-15.pdf\" target=\"_blank\" rel=\"noopener\"><span style=\"font-size: revert;\">Trade Share Setorial Me\u0301dio como Forma de Mensurar Conexa\u0303o Comercial<\/span><\/a><\/p>\n<p>14. <a href=\"http:\/\/alanleal-econ.com\/wp-content\/uploads\/2024\/05\/bif524-36-42-leal.pdf\" target=\"_blank\" rel=\"noopener\"><span style=\"font-size: revert;\">Mercado de Mine\u0301rios de Ferro: Evoluc\u0327a\u0303o, Tende\u0302ncias e Aspectos Tributa\u0301rios<\/span><\/a><\/p>\n<p>13. <a href=\"http:\/\/alanleal-econ.com\/wp-content\/uploads\/2024\/05\/bif524-49-54-sarellas-leal.pdf\" target=\"_blank\" rel=\"noopener\"><span style=\"font-size: revert;\">Mais uma Reforma Tributa\u0301ria? Possi\u0301veis Efeitos do IBS no Come\u0301rcio Interestadual<\/span><\/a><\/p>\n<p>12. <a href=\"http:\/\/alanleal-econ.com\/wp-content\/uploads\/2024\/04\/bif523-leal.pdf\" target=\"_blank\" rel=\"noopener\">Uma Taxonomia dos Modelos Quantitativos de Com\u00e9rcio Modernos<\/a><\/p>\n<p>11. <a href=\"https:\/\/alanleal-econ.com\/wp-content\/uploads\/2024\/03\/bif522-33-35.pdf\" target=\"_blank\" rel=\"noopener\">O Efeito Bruxelas e Suas Consequ\u00eancias Sobre o Acordo de Livre Com\u00e9rcio Uni\u00e3o Europeia-Mercosul<\/a><\/p>\n<p>10. <a href=\"https:\/\/alanleal-econ.com\/wp-content\/uploads\/2023\/12\/bif519-28-30.pdf\" target=\"_blank\" rel=\"noopener\"><span style=\"font-size: revert;\">Machine Learning e Mercado Imobilia\u0301rio: Usos Alternativos a\u0300 Precificac\u0327a\u0303o de Imo\u0301veis<\/span><\/a><\/p>\n<p>9. <a href=\"https:\/\/alanleal-econ.com\/wp-content\/uploads\/2023\/11\/bif518-19-23.pdf\" target=\"_blank\" rel=\"noopener\"><span style=\"font-size: revert;\">Proviso\u0303es Ambientais em Acordos Comerciais: Evoluc\u0327a\u0303o e Tende\u0302ncias<\/span><\/a><\/p>\n<p>8. <a href=\"https:\/\/alanleal-econ.com\/wp-content\/uploads\/2023\/11\/LEAL_BUGARIN_BIF.pdf\" target=\"_blank\" rel=\"noopener\"><span style=\"font-size: revert;\">Crescimento Econo\u0302mico e Emisso\u0303es de CO2: Cointegrac\u0327a\u0303o e Conseque\u0302ncias para a Poli\u0301tica Econo\u0302mica<\/span><\/a><\/p>\n<p>7. <a href=\"https:\/\/alanleal-econ.com\/wp-content\/uploads\/2023\/11\/RELATORIO-OCDE-v3.pdf\" target=\"_blank\" rel=\"noopener\">Acess\u00e3o do Brasil \u00e0 OCDE<\/a><\/p>\n<p>6. <a href=\"https:\/\/alanleal-econ.com\/wp-content\/uploads\/2023\/11\/LEAL_BIF.pdf\" target=\"_blank\" rel=\"noopener\">Acesso \u00e0 Internet M\u00f3vel e Transfer\u00eancias Banc\u00e1rias Instant\u00e2neas: o 4G e o PIX<\/a><\/p>\n<p>5. <a href=\"http:\/\/alanleal-econ.com\/wp-content\/uploads\/2024\/08\/03.-Similaridade-leis-Bolsonaro-e-OCDE.pdf\" target=\"_blank\" rel=\"noopener\">Similaridades entre as regula\u00e7\u00f5es aprovadas no governo de Jair Bolsonaro e os instrumentos legais da OCDE<\/a><\/p>\n<p>4. <a href=\"http:\/\/alanleal-econ.com\/wp-content\/uploads\/2023\/06\/Analise-de-Custo-Beneficio-Ambiental.pdf\" target=\"_blank\" rel=\"noopener\">An\u00e1lise de custo-benef\u00edcio ambiental sobre a acess\u00e3o do Brasil \u00e0 OCDE<\/a><\/p>\n<p>3. <a href=\"http:\/\/alanleal-econ.com\/wp-content\/uploads\/2023\/06\/Enhancing-Brazil\u00b4s-environmental-regulatory-effectiveness.pdf\" target=\"_blank\" rel=\"noopener\">Opportunities for enhancing Brazil\u00b4s environmental regulation effectiveness in the context of OECD accession<\/a><\/p>\n<p>2. <a href=\"https:\/\/oeco.org.br\/reportagens\/157430\/?utm_campaign=shareaholic&amp;utm_medium=whatsapp&amp;utm_source=im\" target=\"_blank\" rel=\"noopener\">Passados oito meses de governo, Lula ainda n\u00e3o decidiu se Brasil vai entrar na OCDE<\/a><\/p>\n<p>1. <a href=\"https:\/\/alanleal-econ.com\/index.php\/policy\/ocde-no-governo-lula-o-que-esperar\/\" target=\"_blank\" rel=\"noopener\">OCDE no governo Lula: o que esperar?<\/a><\/p>\n<p><strong>Trilha OCDE<\/strong><\/p>\n<p><a href=\"https:\/\/alanleal-econ.com\/index.php\/trilha-ocde-1\/\" target=\"_blank\" rel=\"noopener\">Trilha OCDE #1<\/a><\/p>\n<p><a href=\"https:\/\/alanleal-econ.com\/index.php\/trilha-ocde-2\/\" target=\"_blank\" rel=\"noopener\">Trilha OCDE #2<\/a><\/p>\n","protected":false},"excerpt":{"rendered":"<p>Policy Briefs and Articles 35. \u00cdndice de Indu\u00e7\u00e3o Exporta\u00e7\u00e3o-Desconcentra\u00e7\u00e3o: Crescimento de Exporta\u00e7\u00e3o e Desconcentra\u00e7\u00e3o da Pauta Exportadora 34. Regulating sustainability: EU Trade Policy and Its Impact in Latin America (epis\u00f3dio do podcast Weaving Paths, do EULAS) 33. Valor Caf\u00e9 &#8211; o com\u00e9rcio internacional por tr\u00e1s do caf\u00e9 ar\u00e1bica brasileiro 32. Comex e Regi\u00f5es: \u00cdndices Anal\u00edticos[&hellip;]<\/p>\n","protected":false},"author":1,"featured_media":0,"parent":0,"menu_order":0,"comment_status":"closed","ping_status":"closed","template":"","meta":{"zakra_general_container_width":0,"zakra_general_content_width":0,"zakra_general_sidebar_width":0,"zakra_sticky_header":"customizer","zakra_header_main_area":true,"zakra_site_logo_width":0,"zakra_header_top_enabled":"customizer","zakra_header_top_style":"customizer","zakra_primary_menu_item_style":"customizer","zakra_page_header_text_color":"","zakra_page_header_layout":"customizer","zakra_page_title_bg":"","zakra_footer_widgets_bg_image":0,"zakra_page_title_bg_repeat":"customizer","zakra_page_title_bg_position":"customizer","zakra_page_title_bg_size":"customizer","zakra_page_title_bg_attachment":"customizer","zakra_breadcrumbs_enabled":"customizer","zakra_breadcrumbs_text_color":"","zakra_breadcrumbs_separator_color":"","zakra_breadcrumbs_link_color":"","zakra_breadcrumbs_link_hover_color":"","zakra_page_title_bg_image":0,"zakra_footer_widgets_enabled":"customizer","zakra_footer_column_layout_1_style":"customizer","zakra_footer_widgets_bg":"","zakra_footer_widgets_bg_repeat":"customizer","zakra_footer_widgets_bg_position":"customizer","zakra_footer_widgets_bg_size":"customizer","zakra_footer_widgets_bg_attachment":"customizer","zakra_footer_bar_enabled":"customizer","zakra_footer_bar_style":"customizer","zakra_page_container_layout":"customizer","zakra_page_sidebar_layout":"customizer","zakra_remove_content_margin":false,"zakra_sidebar":"customizer","zakra_transparent_header":"customizer","zakra_logo":0,"zakra_main_header_style":"default","zakra_menu_item_color":"","zakra_menu_item_hover_color":"","zakra_menu_item_active_color":"","zakra_menu_active_style":"","zakra_page_header":true,"_coblocks_attr":"","_coblocks_dimensions":"","_coblocks_responsive_height":"","_coblocks_accordion_ie_support":"","_uag_custom_page_level_css":"","jetpack_post_was_ever_published":false,"footnotes":""},"class_list":["post-782","page","type-page","status-publish","hentry"],"uagb_featured_image_src":{"full":false,"thumbnail":false,"medium":false,"medium_large":false,"large":false,"1536x1536":false,"2048x2048":false,"zakra-thumb-size-one":false,"zakra-thumb-size-two":false},"uagb_author_info":{"display_name":"Alan Leal","author_link":"https:\/\/alanleal-econ.com\/index.php\/author\/alanmarqueslealhotmail-com\/"},"uagb_comment_info":0,"uagb_excerpt":"Policy Briefs and Articles 35. \u00cdndice de Indu\u00e7\u00e3o Exporta\u00e7\u00e3o-Desconcentra\u00e7\u00e3o: Crescimento de Exporta\u00e7\u00e3o e Desconcentra\u00e7\u00e3o da Pauta Exportadora 34. Regulating sustainability: EU Trade Policy and Its Impact in Latin America (epis\u00f3dio do podcast Weaving Paths, do EULAS) 33. Valor Caf\u00e9 &#8211; o com\u00e9rcio internacional por tr\u00e1s do caf\u00e9 ar\u00e1bica brasileiro 32. Comex e Regi\u00f5es: \u00cdndices Anal\u00edticos[&hellip;]","jetpack_sharing_enabled":true,"_links":{"self":[{"href":"https:\/\/alanleal-econ.com\/index.php\/wp-json\/wp\/v2\/pages\/782","targetHints":{"allow":["GET"]}}],"collection":[{"href":"https:\/\/alanleal-econ.com\/index.php\/wp-json\/wp\/v2\/pages"}],"about":[{"href":"https:\/\/alanleal-econ.com\/index.php\/wp-json\/wp\/v2\/types\/page"}],"author":[{"embeddable":true,"href":"https:\/\/alanleal-econ.com\/index.php\/wp-json\/wp\/v2\/users\/1"}],"replies":[{"embeddable":true,"href":"https:\/\/alanleal-econ.com\/index.php\/wp-json\/wp\/v2\/comments?post=782"}],"version-history":[{"count":54,"href":"https:\/\/alanleal-econ.com\/index.php\/wp-json\/wp\/v2\/pages\/782\/revisions"}],"predecessor-version":[{"id":1626,"href":"https:\/\/alanleal-econ.com\/index.php\/wp-json\/wp\/v2\/pages\/782\/revisions\/1626"}],"wp:attachment":[{"href":"https:\/\/alanleal-econ.com\/index.php\/wp-json\/wp\/v2\/media?parent=782"}],"curies":[{"name":"wp","href":"https:\/\/api.w.org\/{rel}","templated":true}]}}