{"id":815,"date":"2023-02-09T10:28:24","date_gmt":"2023-02-09T10:28:24","guid":{"rendered":"https:\/\/alanleal-econ.com\/?page_id=815"},"modified":"2023-02-09T10:30:32","modified_gmt":"2023-02-09T10:30:32","slug":"trilha-ocde-1","status":"publish","type":"page","link":"https:\/\/alanleal-econ.com\/index.php\/trilha-ocde-1\/","title":{"rendered":"Trilha OCDE #1"},"content":{"rendered":"<p>A chanceler da Fran\u00e7a, Catherine Colonna, <a href=\"https:\/\/www1.folha.uol.com.br\/mundo\/2023\/02\/chanceler-da-franca-expressa-apoio-ao-brasil-na-ocde-mas-sinaliza-divergencias-sobre-russia.shtml\">menciona<\/a> o apoio da Fran\u00e7a \u00e0 acess\u00e3o do Brasil \u00e0 OCDE. Nas palavras da chanceler, o Brasil \u00e9 um ator global de relev\u00e2ncia que volta ao est\u00e1gio global com o novo governo do Presidente Lula. As quest\u00f5es ambientais, contudo, dever\u00e3o ser consideradas apropriadamente pelo pa\u00eds tanto no contexto da OCDE quanto no contexto do acordo UE-Mercosul.<\/p>\n<p>No pr\u00f3prio\u00a0<a href=\"https:\/\/www.oecd.org\/mcm\/Roadmap-OECD-Accession-Process-Brazil-EN.pdf\">roteiro de acess\u00e3o<\/a> do Brasil \u00e0 OCDE, menciona-se a necessidade do fim do desmatamento e o respeito \u00e0s vidas ind\u00edgenas e ambientalistas por parte das autoridades brasileiras para que o pa\u00eds logre sucesso na sua acess\u00e3o \u00e0 OCDE.<\/p>\n<p><strong>R\u00e9gua da acess\u00e3o<\/strong><\/p>\n<p>O Brasil satisfaz at\u00e9 o momento (9 de fevereiro de 2023) 117 dos 266 instrumentos legais da OCDE, segundo o\u00a0<a href=\"https:\/\/www.gov.br\/casacivil\/pt-br\/assuntos\/ocde\/processo-de-acessao-brasil-ocde\/painel-brasil-na-ocde\" target=\"_blank\" rel=\"noopener\">Painel Brasil na OCDE<\/a>. A r\u00e9gua adiante exibe esse progresso.<\/p>\n<p><img fetchpriority=\"high\" decoding=\"async\" class=\"aligncenter wp-image-816 size-large\" src=\"http:\/\/alanleal-econ.com\/wp-content\/uploads\/2023\/02\/Regua_Acessao_9_fevereiro-1024x680.jpg\" alt=\"\" width=\"1024\" height=\"680\" srcset=\"https:\/\/alanleal-econ.com\/wp-content\/uploads\/2023\/02\/Regua_Acessao_9_fevereiro-1024x680.jpg 1024w, https:\/\/alanleal-econ.com\/wp-content\/uploads\/2023\/02\/Regua_Acessao_9_fevereiro-300x199.jpg 300w, https:\/\/alanleal-econ.com\/wp-content\/uploads\/2023\/02\/Regua_Acessao_9_fevereiro-768x510.jpg 768w, https:\/\/alanleal-econ.com\/wp-content\/uploads\/2023\/02\/Regua_Acessao_9_fevereiro-1536x1020.jpg 1536w, https:\/\/alanleal-econ.com\/wp-content\/uploads\/2023\/02\/Regua_Acessao_9_fevereiro.jpg 1778w\" sizes=\"(max-width: 1024px) 100vw, 1024px\" \/><\/p>\n","protected":false},"excerpt":{"rendered":"<p>A chanceler da Fran\u00e7a, Catherine Colonna, menciona o apoio da Fran\u00e7a \u00e0 acess\u00e3o do Brasil \u00e0 OCDE. Nas palavras da chanceler, o Brasil \u00e9 um ator global de relev\u00e2ncia que volta ao est\u00e1gio global com o novo governo do Presidente Lula. As quest\u00f5es ambientais, contudo, dever\u00e3o ser consideradas apropriadamente pelo pa\u00eds tanto no contexto da[&hellip;]<\/p>\n","protected":false},"author":1,"featured_media":0,"parent":0,"menu_order":0,"comment_status":"closed","ping_status":"closed","template":"","meta":{"zakra_general_container_width":0,"zakra_general_content_width":0,"zakra_general_sidebar_width":0,"zakra_sticky_header":"customizer","zakra_header_main_area":true,"zakra_site_logo_width":0,"zakra_header_top_enabled":"customizer","zakra_header_top_style":"customizer","zakra_primary_menu_item_style":"customizer","zakra_page_header_text_color":"","zakra_page_header_layout":"customizer","zakra_page_title_bg":"","zakra_footer_widgets_bg_image":0,"zakra_page_title_bg_repeat":"customizer","zakra_page_title_bg_position":"customizer","zakra_page_title_bg_size":"customizer","zakra_page_title_bg_attachment":"customizer","zakra_breadcrumbs_enabled":"customizer","zakra_breadcrumbs_text_color":"","zakra_breadcrumbs_separator_color":"","zakra_breadcrumbs_link_color":"","zakra_breadcrumbs_link_hover_color":"","zakra_page_title_bg_image":0,"zakra_footer_widgets_enabled":"customizer","zakra_footer_column_layout_1_style":"customizer","zakra_footer_widgets_bg":"","zakra_footer_widgets_bg_repeat":"customizer","zakra_footer_widgets_bg_position":"customizer","zakra_footer_widgets_bg_size":"customizer","zakra_footer_widgets_bg_attachment":"customizer","zakra_footer_bar_enabled":"customizer","zakra_footer_bar_style":"customizer","zakra_page_container_layout":"customizer","zakra_page_sidebar_layout":"customizer","zakra_remove_content_margin":false,"zakra_sidebar":"customizer","zakra_transparent_header":"customizer","zakra_logo":0,"zakra_main_header_style":"default","zakra_menu_item_color":"","zakra_menu_item_hover_color":"","zakra_menu_item_active_color":"","zakra_menu_active_style":"","zakra_page_header":true,"_coblocks_attr":"","_coblocks_dimensions":"","_coblocks_responsive_height":"","_coblocks_accordion_ie_support":"","_uag_custom_page_level_css":"","jetpack_post_was_ever_published":false,"footnotes":""},"class_list":["post-815","page","type-page","status-publish","hentry"],"uagb_featured_image_src":{"full":false,"thumbnail":false,"medium":false,"medium_large":false,"large":false,"1536x1536":false,"2048x2048":false,"zakra-thumb-size-one":false,"zakra-thumb-size-two":false},"uagb_author_info":{"display_name":"Alan Leal","author_link":"https:\/\/alanleal-econ.com\/index.php\/author\/alanmarqueslealhotmail-com\/"},"uagb_comment_info":0,"uagb_excerpt":"A chanceler da Fran\u00e7a, Catherine Colonna, menciona o apoio da Fran\u00e7a \u00e0 acess\u00e3o do Brasil \u00e0 OCDE. Nas palavras da chanceler, o Brasil \u00e9 um ator global de relev\u00e2ncia que volta ao est\u00e1gio global com o novo governo do Presidente Lula. As quest\u00f5es ambientais, contudo, dever\u00e3o ser consideradas apropriadamente pelo pa\u00eds tanto no contexto da[&hellip;]","jetpack_sharing_enabled":true,"_links":{"self":[{"href":"https:\/\/alanleal-econ.com\/index.php\/wp-json\/wp\/v2\/pages\/815","targetHints":{"allow":["GET"]}}],"collection":[{"href":"https:\/\/alanleal-econ.com\/index.php\/wp-json\/wp\/v2\/pages"}],"about":[{"href":"https:\/\/alanleal-econ.com\/index.php\/wp-json\/wp\/v2\/types\/page"}],"author":[{"embeddable":true,"href":"https:\/\/alanleal-econ.com\/index.php\/wp-json\/wp\/v2\/users\/1"}],"replies":[{"embeddable":true,"href":"https:\/\/alanleal-econ.com\/index.php\/wp-json\/wp\/v2\/comments?post=815"}],"version-history":[{"count":2,"href":"https:\/\/alanleal-econ.com\/index.php\/wp-json\/wp\/v2\/pages\/815\/revisions"}],"predecessor-version":[{"id":819,"href":"https:\/\/alanleal-econ.com\/index.php\/wp-json\/wp\/v2\/pages\/815\/revisions\/819"}],"wp:attachment":[{"href":"https:\/\/alanleal-econ.com\/index.php\/wp-json\/wp\/v2\/media?parent=815"}],"curies":[{"name":"wp","href":"https:\/\/api.w.org\/{rel}","templated":true}]}}